{"id":65,"date":"2024-04-25T14:14:43","date_gmt":"2024-04-25T12:14:43","guid":{"rendered":"https:\/\/mathilde-pace-traduction.com\/?page_id=65"},"modified":"2024-09-01T18:25:12","modified_gmt":"2024-09-01T16:25:12","slug":"a-propos","status":"publish","type":"page","link":"https:\/\/mathilde-pace-traduction.com\/en\/a-propos\/","title":{"rendered":"About me"},"content":{"rendered":"<div data-elementor-type=\"wp-page\" data-elementor-id=\"65\" class=\"elementor elementor-65\">\n\t\t\t\t<div class=\"elementor-element elementor-element-e6dc2ba e-flex e-con-boxed magic-button-disabled-no wpr-particle-no wpr-jarallax-no wpr-parallax-no wpr-sticky-section-no wpr-equal-height-no e-con e-parent\" data-id=\"e6dc2ba\" data-element_type=\"container\" data-e-type=\"container\">\n\t\t\t\t\t<div class=\"e-con-inner\">\n\t\t<div class=\"elementor-element elementor-element-b05c681 e-flex e-con-boxed magic-button-disabled-no wpr-particle-no wpr-jarallax-no wpr-parallax-no wpr-sticky-section-no wpr-equal-height-no e-con e-child\" data-id=\"b05c681\" data-element_type=\"container\" data-e-type=\"container\">\n\t\t\t\t\t<div class=\"e-con-inner\">\n\t\t\t\t<div class=\"elementor-element elementor-element-bfd2fb6 elementor-widget elementor-widget-spacer\" data-id=\"bfd2fb6\" data-element_type=\"widget\" data-e-type=\"widget\" data-widget_type=\"spacer.default\">\n\t\t\t\t<div class=\"elementor-widget-container\">\n\t\t\t\t\t\t\t<div class=\"elementor-spacer\">\n\t\t\t<div class=\"elementor-spacer-inner\"><\/div>\n\t\t<\/div>\n\t\t\t\t\t\t<\/div>\n\t\t\t\t<\/div>\n\t\t\t\t\t<\/div>\n\t\t\t\t<\/div>\n\t\t\t\t\t<\/div>\n\t\t\t\t<\/div>\n\t\t<div class=\"elementor-element elementor-element-8472a9e e-flex e-con-boxed magic-button-disabled-no wpr-particle-no wpr-jarallax-no wpr-parallax-no wpr-sticky-section-no wpr-equal-height-no e-con e-parent\" data-id=\"8472a9e\" data-element_type=\"container\" data-e-type=\"container\">\n\t\t\t\t\t<div class=\"e-con-inner\">\n\t\t\t\t<div class=\"elementor-element elementor-element-1509289 elementor-widget elementor-widget-heading\" data-id=\"1509289\" data-element_type=\"widget\" data-e-type=\"widget\" data-widget_type=\"heading.default\">\n\t\t\t\t<div class=\"elementor-widget-container\">\n\t\t\t\t\t<h2 class=\"elementor-heading-title elementor-size-default\">About me<\/h2>\t\t\t\t<\/div>\n\t\t\t\t<\/div>\n\t\t\t\t\t<\/div>\n\t\t\t\t<\/div>\n\t\t<div class=\"elementor-element elementor-element-6a778ce e-flex e-con-boxed magic-button-disabled-no wpr-particle-no wpr-jarallax-no wpr-parallax-no wpr-sticky-section-no wpr-equal-height-no e-con e-parent\" data-id=\"6a778ce\" data-element_type=\"container\" data-e-type=\"container\">\n\t\t\t\t\t<div class=\"e-con-inner\">\n\t\t\t\t<div class=\"elementor-element elementor-element-4964b03 elementor-widget elementor-widget-spacer\" data-id=\"4964b03\" data-element_type=\"widget\" data-e-type=\"widget\" data-widget_type=\"spacer.default\">\n\t\t\t\t<div class=\"elementor-widget-container\">\n\t\t\t\t\t\t\t<div class=\"elementor-spacer\">\n\t\t\t<div class=\"elementor-spacer-inner\"><\/div>\n\t\t<\/div>\n\t\t\t\t\t\t<\/div>\n\t\t\t\t<\/div>\n\t\t\t\t\t<\/div>\n\t\t\t\t<\/div>\n\t\t\t\t<section class=\"elementor-section elementor-top-section elementor-element elementor-element-4db0c1eb elementor-reverse-mobile elementor-section-boxed elementor-section-height-default elementor-section-height-default wpr-particle-no wpr-jarallax-no wpr-parallax-no wpr-sticky-section-no magic-button-disabled-no wpr-equal-height-no\" data-id=\"4db0c1eb\" data-element_type=\"section\" data-e-type=\"section\" data-settings=\"{&quot;background_background&quot;:&quot;classic&quot;}\">\n\t\t\t\t\t\t<div class=\"elementor-container elementor-column-gap-default\">\n\t\t\t\t\t<div class=\"elementor-column elementor-col-50 elementor-top-column elementor-element elementor-element-300671fa\" data-id=\"300671fa\" data-element_type=\"column\" data-e-type=\"column\">\n\t\t\t<div class=\"elementor-widget-wrap elementor-element-populated\">\n\t\t\t\t\t\t<div class=\"elementor-element elementor-element-69299fcf elementor-widget__width-initial elementor-widget elementor-widget-text-editor\" data-id=\"69299fcf\" data-element_type=\"widget\" data-e-type=\"widget\" data-widget_type=\"text-editor.default\">\n\t\t\t\t<div class=\"elementor-widget-container\">\n\t\t\t\t\t\t\t\t\t<h2 style=\"padding-left: 40px; text-align: left;\">Welcome!<\/h2><p style=\"padding-left: 40px;\">Entrust a professional translator with your documents to translate and proofread from English and Italian into French.<\/p><p>\u00a0<\/p><hr \/><h5 style=\"padding-left: 40px;\"><span style=\"text-decoration: underline;\">Why work with me?<\/span><\/h5><ul><li style=\"list-style-type: none;\"><ul><li class=\"translation-block\"><span style=\"font-size: 14px\"><strong>1,000+ projects<\/strong> translated<\/span><\/li><li class=\"translation-block\"><span style=\"font-size: 14px\">Degree from the <strong>ESIT School of Interpretation and Translation<\/strong><\/span><\/li><li><span style=\"font-size: 14px;\">Custom quality assurance process: <strong>Veritas verbi<\/strong><\/span><\/li><li class=\"translation-block\"><span style=\"font-size: 14px\"><strong>Free<\/strong> 15-minute appointment<\/span><\/li><\/ul><\/li><\/ul>\t\t\t\t\t\t\t\t<\/div>\n\t\t\t\t<\/div>\n\t\t\t\t\t<\/div>\n\t\t<\/div>\n\t\t\t\t<div class=\"elementor-column elementor-col-50 elementor-top-column elementor-element elementor-element-e7cb570 elementor-invisible\" data-id=\"e7cb570\" data-element_type=\"column\" data-e-type=\"column\" data-settings=\"{&quot;background_background&quot;:&quot;classic&quot;,&quot;animation&quot;:&quot;fadeIn&quot;}\">\n\t\t\t<div class=\"elementor-widget-wrap elementor-element-populated\">\n\t\t\t\t\t\t<div class=\"elementor-element elementor-element-21f17de3 elementor-widget__width-initial elementor-widget elementor-widget-spacer\" data-id=\"21f17de3\" data-element_type=\"widget\" data-e-type=\"widget\" data-widget_type=\"spacer.default\">\n\t\t\t\t<div class=\"elementor-widget-container\">\n\t\t\t\t\t\t\t<div class=\"elementor-spacer\">\n\t\t\t<div class=\"elementor-spacer-inner\"><\/div>\n\t\t<\/div>\n\t\t\t\t\t\t<\/div>\n\t\t\t\t<\/div>\n\t\t\t\t\t<\/div>\n\t\t<\/div>\n\t\t\t\t\t<\/div>\n\t\t<\/section>\n\t\t<div class=\"elementor-element elementor-element-8e45af5 e-con-full e-flex magic-button-disabled-no wpr-particle-no wpr-jarallax-no wpr-parallax-no wpr-sticky-section-no wpr-equal-height-no e-con e-parent\" data-id=\"8e45af5\" data-element_type=\"container\" data-e-type=\"container\">\n\t\t\t\t<div class=\"elementor-element elementor-element-af632ac elementor-widget elementor-widget-spacer\" data-id=\"af632ac\" data-element_type=\"widget\" data-e-type=\"widget\" data-widget_type=\"spacer.default\">\n\t\t\t\t<div class=\"elementor-widget-container\">\n\t\t\t\t\t\t\t<div class=\"elementor-spacer\">\n\t\t\t<div class=\"elementor-spacer-inner\"><\/div>\n\t\t<\/div>\n\t\t\t\t\t\t<\/div>\n\t\t\t\t<\/div>\n\t\t\t\t<\/div>\n\t\t<div class=\"elementor-element elementor-element-9eedc04 e-flex e-con-boxed magic-button-disabled-no wpr-particle-no wpr-jarallax-no wpr-parallax-no wpr-sticky-section-no wpr-equal-height-no e-con e-parent\" data-id=\"9eedc04\" data-element_type=\"container\" data-e-type=\"container\">\n\t\t\t\t\t<div class=\"e-con-inner\">\n\t\t\t\t<div class=\"elementor-element elementor-element-5769424 elementor-widget elementor-widget-heading\" data-id=\"5769424\" data-element_type=\"widget\" data-e-type=\"widget\" data-widget_type=\"heading.default\">\n\t\t\t\t<div class=\"elementor-widget-container\">\n\t\t\t\t\t<h1 class=\"elementor-heading-title elementor-size-default\">Undertakings<\/h1>\t\t\t\t<\/div>\n\t\t\t\t<\/div>\n\t\t\t\t\t<\/div>\n\t\t\t\t<\/div>\n\t\t<div class=\"elementor-element elementor-element-f518eb0 e-flex e-con-boxed magic-button-disabled-no wpr-particle-no wpr-jarallax-no wpr-parallax-no wpr-sticky-section-no wpr-equal-height-no e-con e-parent\" data-id=\"f518eb0\" data-element_type=\"container\" data-e-type=\"container\">\n\t\t\t\t\t<div class=\"e-con-inner\">\n\t\t\t\t<div class=\"elementor-element elementor-element-80fcb5d elementor-widget elementor-widget-spacer\" data-id=\"80fcb5d\" data-element_type=\"widget\" data-e-type=\"widget\" data-widget_type=\"spacer.default\">\n\t\t\t\t<div class=\"elementor-widget-container\">\n\t\t\t\t\t\t\t<div class=\"elementor-spacer\">\n\t\t\t<div class=\"elementor-spacer-inner\"><\/div>\n\t\t<\/div>\n\t\t\t\t\t\t<\/div>\n\t\t\t\t<\/div>\n\t\t\t\t\t<\/div>\n\t\t\t\t<\/div>\n\t\t\t\t<section class=\"elementor-section elementor-top-section elementor-element elementor-element-295056c elementor-section-boxed elementor-section-height-default elementor-section-height-default wpr-particle-no wpr-jarallax-no wpr-parallax-no wpr-sticky-section-no magic-button-disabled-no wpr-equal-height-no\" data-id=\"295056c\" data-element_type=\"section\" data-e-type=\"section\">\n\t\t\t\t\t\t<div class=\"elementor-container elementor-column-gap-default\">\n\t\t\t\t\t<div class=\"elementor-column elementor-col-100 elementor-top-column elementor-element elementor-element-674d1b10\" data-id=\"674d1b10\" data-element_type=\"column\" data-e-type=\"column\" data-settings=\"{&quot;background_background&quot;:&quot;classic&quot;}\">\n\t\t\t<div class=\"elementor-widget-wrap elementor-element-populated\">\n\t\t\t\t\t<div class=\"elementor-background-overlay\"><\/div>\n\t\t\t\t\t\t<section class=\"elementor-section elementor-inner-section elementor-element elementor-element-48caaef4 animated-slow elementor-section-boxed elementor-section-height-default elementor-section-height-default wpr-particle-no wpr-jarallax-no wpr-parallax-no wpr-sticky-section-no magic-button-disabled-no wpr-equal-height-no elementor-invisible\" data-id=\"48caaef4\" data-element_type=\"section\" data-e-type=\"section\" data-settings=\"{&quot;animation&quot;:&quot;fadeIn&quot;}\">\n\t\t\t\t\t\t<div class=\"elementor-container elementor-column-gap-wide\">\n\t\t\t\t\t<div class=\"elementor-column elementor-col-50 elementor-inner-column elementor-element elementor-element-4ea1e003\" data-id=\"4ea1e003\" data-element_type=\"column\" data-e-type=\"column\" data-settings=\"{&quot;background_background&quot;:&quot;classic&quot;}\">\n\t\t\t<div class=\"elementor-widget-wrap elementor-element-populated\">\n\t\t\t\t\t<div class=\"elementor-background-overlay\"><\/div>\n\t\t\t\t\t\t<div class=\"elementor-element elementor-element-9997ad5 elementor-position-left elementor-vertical-align-middle envato-kit-140-imagebox-nospace elementor-widget elementor-widget-image-box\" data-id=\"9997ad5\" data-element_type=\"widget\" data-e-type=\"widget\" data-widget_type=\"image-box.default\">\n\t\t\t\t<div class=\"elementor-widget-container\">\n\t\t\t\t\t<div class=\"elementor-image-box-wrapper\"><figure class=\"elementor-image-box-img\"><img decoding=\"async\" src=\"https:\/\/mathilde-pace-traduction.com\/wp-content\/uploads\/elementor\/thumbs\/cle-qq9n9ra1ya9kkr7go2k81zhip3vm5qrctxxrdcp3nc.png\" title=\"cle\" alt=\"cle\" class=\"elementor-animation-bob\" loading=\"lazy\" \/><\/figure><div class=\"elementor-image-box-content\"><div class=\"elementor-image-box-title\">Turnkey services:<\/div><p class=\"elementor-image-box-description\">\u2022 Free scoping meeting\n\u2022 Translation\n\u2022 Self-editing\n\u2022 Final check\n\u2022 Availability throughout the project\n\u2022 Continuous e-mail exchange throughout the project<\/p><\/div><\/div>\t\t\t\t<\/div>\n\t\t\t\t<\/div>\n\t\t\t\t<div class=\"elementor-element elementor-element-47428225 elementor-position-left elementor-vertical-align-middle envato-kit-140-imagebox-nospace elementor-widget elementor-widget-image-box\" data-id=\"47428225\" data-element_type=\"widget\" data-e-type=\"widget\" data-widget_type=\"image-box.default\">\n\t\t\t\t<div class=\"elementor-widget-container\">\n\t\t\t\t\t<div class=\"elementor-image-box-wrapper\"><figure class=\"elementor-image-box-img\"><img decoding=\"async\" src=\"https:\/\/mathilde-pace-traduction.com\/wp-content\/uploads\/elementor\/thumbs\/egalite-qq9nn8arwspizjmxzw7psl3d7xh0hk8uomkb04pygo.png\" title=\"egalite\" alt=\"egalite\" class=\"elementor-animation-bob\" loading=\"lazy\" \/><\/figure><div class=\"elementor-image-box-content\"><div class=\"elementor-image-box-title\">Inclusivity:<\/div><p class=\"elementor-image-box-description\">\u2022 Gender-neutral writing\n\u2022 Inclusive strategies suggested to customers\n\u2022 Ongoing training in inclusiveness<\/p><\/div><\/div>\t\t\t\t<\/div>\n\t\t\t\t<\/div>\n\t\t\t\t\t<\/div>\n\t\t<\/div>\n\t\t\t\t<div class=\"elementor-column elementor-col-50 elementor-inner-column elementor-element elementor-element-41c3015a\" data-id=\"41c3015a\" data-element_type=\"column\" data-e-type=\"column\">\n\t\t\t<div class=\"elementor-widget-wrap elementor-element-populated\">\n\t\t\t\t\t\t<div class=\"elementor-element elementor-element-5b10c4d6 elementor-position-left elementor-vertical-align-middle envato-kit-140-imagebox-nospace elementor-widget elementor-widget-image-box\" data-id=\"5b10c4d6\" data-element_type=\"widget\" data-e-type=\"widget\" data-widget_type=\"image-box.default\">\n\t\t\t\t<div class=\"elementor-widget-container\">\n\t\t\t\t\t<div class=\"elementor-image-box-wrapper\"><figure class=\"elementor-image-box-img\"><img decoding=\"async\" src=\"https:\/\/mathilde-pace-traduction.com\/wp-content\/uploads\/elementor\/thumbs\/plante-qq9nk4fzbigely5f51v41vbij2sc1kwsl8xiw7bt14.png\" title=\"plante\" alt=\"plante\" class=\"elementor-animation-bob\" loading=\"lazy\" \/><\/figure><div class=\"elementor-image-box-content\"><div class=\"elementor-image-box-title\">Eco-translation:<\/div><p class=\"elementor-image-box-description\">\u2022 Second-hand and sustainable equipment\n\u2022 Green energy supplier\n\u2022 Zero paper printing and zero waste<\/p><\/div><\/div>\t\t\t\t<\/div>\n\t\t\t\t<\/div>\n\t\t\t\t<div class=\"elementor-element elementor-element-2d97df1 elementor-position-left elementor-vertical-align-middle envato-kit-140-imagebox-nospace elementor-widget elementor-widget-image-box\" data-id=\"2d97df1\" data-element_type=\"widget\" data-e-type=\"widget\" data-widget_type=\"image-box.default\">\n\t\t\t\t<div class=\"elementor-widget-container\">\n\t\t\t\t\t<div class=\"elementor-image-box-wrapper\"><figure class=\"elementor-image-box-img\"><img fetchpriority=\"high\" decoding=\"async\" width=\"512\" height=\"512\" src=\"https:\/\/mathilde-pace-traduction.com\/wp-content\/uploads\/2024\/06\/amelioration.png\" class=\"elementor-animation-bob attachment-full size-full wp-image-1581\" alt=\"\" srcset=\"https:\/\/mathilde-pace-traduction.com\/wp-content\/uploads\/2024\/06\/amelioration.png 512w, https:\/\/mathilde-pace-traduction.com\/wp-content\/uploads\/2024\/06\/amelioration-300x300.png 300w, https:\/\/mathilde-pace-traduction.com\/wp-content\/uploads\/2024\/06\/amelioration-150x150.png 150w, https:\/\/mathilde-pace-traduction.com\/wp-content\/uploads\/2024\/06\/amelioration-12x12.png 12w\" sizes=\"(max-width: 512px) 100vw, 512px\" \/><\/figure><div class=\"elementor-image-box-content\"><div class=\"elementor-image-box-title\">Ongoing improvement:<\/div><p class=\"elementor-image-box-description\">\u2022 Continuous training\n\u2022 Monitoring customer satisfaction<\/p><\/div><\/div>\t\t\t\t<\/div>\n\t\t\t\t<\/div>\n\t\t\t\t\t<\/div>\n\t\t<\/div>\n\t\t\t\t\t<\/div>\n\t\t<\/section>\n\t\t\t\t\t<\/div>\n\t\t<\/div>\n\t\t\t\t\t<\/div>\n\t\t<\/section>\n\t\t<div class=\"elementor-element elementor-element-2d1df3d e-flex e-con-boxed magic-button-disabled-no wpr-particle-no wpr-jarallax-no wpr-parallax-no wpr-sticky-section-no wpr-equal-height-no e-con e-parent\" data-id=\"2d1df3d\" data-element_type=\"container\" data-e-type=\"container\">\n\t\t\t\t\t<div class=\"e-con-inner\">\n\t\t\t\t<div class=\"elementor-element elementor-element-f38b3f8 elementor-widget elementor-widget-spacer\" data-id=\"f38b3f8\" data-element_type=\"widget\" data-e-type=\"widget\" data-widget_type=\"spacer.default\">\n\t\t\t\t<div class=\"elementor-widget-container\">\n\t\t\t\t\t\t\t<div class=\"elementor-spacer\">\n\t\t\t<div class=\"elementor-spacer-inner\"><\/div>\n\t\t<\/div>\n\t\t\t\t\t\t<\/div>\n\t\t\t\t<\/div>\n\t\t\t\t\t<\/div>\n\t\t\t\t<\/div>\n\t\t<div class=\"elementor-element elementor-element-5bdad13 e-flex e-con-boxed magic-button-disabled-no wpr-particle-no wpr-jarallax-no wpr-parallax-no wpr-sticky-section-no wpr-equal-height-no e-con e-parent\" data-id=\"5bdad13\" data-element_type=\"container\" data-e-type=\"container\">\n\t\t\t\t\t<div class=\"e-con-inner\">\n\t\t\t\t<div class=\"elementor-element elementor-element-c71971e elementor-widget elementor-widget-heading\" data-id=\"c71971e\" data-element_type=\"widget\" data-e-type=\"widget\" data-widget_type=\"heading.default\">\n\t\t\t\t<div class=\"elementor-widget-container\">\n\t\t\t\t\t<h1 class=\"elementor-heading-title elementor-size-default\">Experience<\/h1>\t\t\t\t<\/div>\n\t\t\t\t<\/div>\n\t\t\t\t\t<\/div>\n\t\t\t\t<\/div>\n\t\t<div class=\"elementor-element elementor-element-eb78363 e-flex e-con-boxed magic-button-disabled-no wpr-particle-no wpr-jarallax-no wpr-parallax-no wpr-sticky-section-no wpr-equal-height-no e-con e-parent\" data-id=\"eb78363\" data-element_type=\"container\" data-e-type=\"container\">\n\t\t\t\t\t<div class=\"e-con-inner\">\n\t\t\t\t<div class=\"elementor-element elementor-element-43abb0f elementor-widget elementor-widget-spacer\" data-id=\"43abb0f\" data-element_type=\"widget\" data-e-type=\"widget\" data-widget_type=\"spacer.default\">\n\t\t\t\t<div class=\"elementor-widget-container\">\n\t\t\t\t\t\t\t<div class=\"elementor-spacer\">\n\t\t\t<div class=\"elementor-spacer-inner\"><\/div>\n\t\t<\/div>\n\t\t\t\t\t\t<\/div>\n\t\t\t\t<\/div>\n\t\t\t\t\t<\/div>\n\t\t\t\t<\/div>\n\t\t<div class=\"elementor-element elementor-element-c0888d4 e-flex e-con-boxed magic-button-disabled-no wpr-particle-no wpr-jarallax-no wpr-parallax-no wpr-sticky-section-no wpr-equal-height-no e-con e-parent\" data-id=\"c0888d4\" data-element_type=\"container\" data-e-type=\"container\">\n\t\t\t\t\t<div class=\"e-con-inner\">\n\t\t\t\t<div class=\"elementor-element elementor-element-250de94 elementor-widget elementor-widget-qi_addons_for_elementor_timeline\" data-id=\"250de94\" data-element_type=\"widget\" data-e-type=\"widget\" data-widget_type=\"qi_addons_for_elementor_timeline.default\">\n\t\t\t\t<div class=\"elementor-widget-container\">\n\t\t\t\t\t<div class=\"qodef-shortcode qodef-m qodef-qi-timeline qodef-timeline--horizontal qodef-layout--columns qodef-timeline-layout--horizontal-alternating qodef-point--standard qodef-qi--has-appear\" data-options=\"{&quot;colNum&quot;:&quot;3&quot;,&quot;colNum1440&quot;:&quot;3&quot;,&quot;colNum1366&quot;:&quot;3&quot;,&quot;colNum1024&quot;:&quot;3&quot;,&quot;colNum768&quot;:&quot;2&quot;,&quot;colNum680&quot;:&quot;1&quot;,&quot;colNum480&quot;:&quot;1&quot;}\">\n\t<div class=\"qodef-nav-prev\">\n\t\t<svg class=\"qodef-swiper-arrow-left\" xmlns=\"http:\/\/www.w3.org\/2000\/svg\" x=\"0px\" y=\"0px\" viewbox=\"0 0 34.2 32.3\" xml:space=\"preserve\" style=\"stroke-width: 2;\"><line x1=\"0.5\" y1=\"16\" x2=\"33.5\" y2=\"16\"\/><line x1=\"0.3\" y1=\"16.5\" x2=\"16.2\" y2=\"0.7\"\/><line x1=\"0\" y1=\"15.4\" x2=\"16.2\" y2=\"31.6\"\/><\/svg>\t<\/div>\n\t<div class=\"qodef-nav-next\">\n\t\t<svg class=\"qodef-swiper-arrow-right\" xmlns=\"http:\/\/www.w3.org\/2000\/svg\" x=\"0px\" y=\"0px\" viewbox=\"0 0 34.2 32.3\" xml:space=\"preserve\" style=\"stroke-width: 2;\"><line x1=\"0\" y1=\"16\" x2=\"33\" y2=\"16\"\/><line x1=\"17.3\" y1=\"0.7\" x2=\"33.2\" y2=\"16.5\"\/><line x1=\"17.3\" y1=\"31.6\" x2=\"33.5\" y2=\"15.4\"\/><\/svg>\t<\/div>\n\t<div class=\"qodef-grid-inner\">\n\t<div class=\"qodef-e qodef-e-item qodef-grid-item elementor-repeater-item-590ff8e qodef-reverse\">\n\t<div class=\"qodef-e-line-holder\">\n\t\t<span class=\"qodef-e-line\"><\/span>\n\t<\/div>\n\t<div class=\"qodef-e-item-inner\">\n\t\t<div class=\"qodef-e-point-holder\">\n\t\t\t<div class=\"qodef-e-point\">\n\t\t\t\t\t\t\t<\/div>\n\t\t<\/div>\n\t\t<div class=\"qodef-e-top-holder\">\n\t\t\t<div class=\"qodef-e-image\">\n\t<\/div>\n\t\t<\/div>\n\t\t<div class=\"qodef-e-content-holder\">\n\t\t\t\t<h4 class=\"qodef-e-title\">\n\t\tBachelor's degree in Applied Foreign Languages\t\t<\/h4>\n\t\t\t\t\t<p class=\"qodef-e-text\">\n\t\tEnglish\/Italian\/French\t<\/p>\n\t\t\t\t\t<div class=\"qodef-e-date\">\n\t\t2017\t<\/div>\n\t\t\t<\/div>\n\t<\/div>\n<\/div>\n<div class=\"qodef-e qodef-e-item qodef-grid-item elementor-repeater-item-29d676a qodef-obverse\">\n\t<div class=\"qodef-e-line-holder\">\n\t\t<span class=\"qodef-e-line\"><\/span>\n\t<\/div>\n\t<div class=\"qodef-e-item-inner\">\n\t\t<div class=\"qodef-e-point-holder\">\n\t\t\t<div class=\"qodef-e-point\">\n\t\t\t\t\t\t\t<\/div>\n\t\t<\/div>\n\t\t<div class=\"qodef-e-top-holder\">\n\t\t\t<div class=\"qodef-e-image\">\n\t<\/div>\n\t\t<\/div>\n\t\t<div class=\"qodef-e-content-holder\">\n\t\t\t\t<h4 class=\"qodef-e-title\">\n\t\tMaster's degree in Editorial, Economic and technical translation\t\t<\/h4>\n\t\t\t\t\t<p class=\"qodef-e-text\">\n\t\tEnglish\/Italian\/French\t<\/p>\n\t\t\t\t\t<div class=\"qodef-e-date\">\n\t\t2020\t<\/div>\n\t\t\t<\/div>\n\t<\/div>\n<\/div>\n<div class=\"qodef-e qodef-e-item qodef-grid-item elementor-repeater-item-9886e6a qodef-reverse\">\n\t<div class=\"qodef-e-line-holder\">\n\t\t<span class=\"qodef-e-line\"><\/span>\n\t<\/div>\n\t<div class=\"qodef-e-item-inner\">\n\t\t<div class=\"qodef-e-point-holder\">\n\t\t\t<div class=\"qodef-e-point\">\n\t\t\t\t\t\t\t<\/div>\n\t\t<\/div>\n\t\t<div class=\"qodef-e-top-holder\">\n\t\t\t<div class=\"qodef-e-image\">\n\t<\/div>\n\t\t<\/div>\n\t\t<div class=\"qodef-e-content-holder\">\n\t\t\t\t<h4 class=\"qodef-e-title\">\n\t\tStart of my freelance journey\t\t<\/h4>\n\t\t\t\t\t\t\t\t<div class=\"qodef-e-date\">\n\t\t2020\t<\/div>\n\t\t\t<\/div>\n\t<\/div>\n<\/div>\n\t<\/div>\n<\/div>\n\t\t\t\t<\/div>\n\t\t\t\t<\/div>\n\t\t\t\t\t<\/div>\n\t\t\t\t<\/div>\n\t\t<div class=\"elementor-element elementor-element-18d22b7 e-flex e-con-boxed magic-button-disabled-no wpr-particle-no wpr-jarallax-no wpr-parallax-no wpr-sticky-section-no wpr-equal-height-no e-con e-parent\" data-id=\"18d22b7\" data-element_type=\"container\" data-e-type=\"container\">\n\t\t\t\t\t<div class=\"e-con-inner\">\n\t\t\t\t<div class=\"elementor-element elementor-element-df4124f elementor-widget elementor-widget-spacer\" data-id=\"df4124f\" data-element_type=\"widget\" data-e-type=\"widget\" data-widget_type=\"spacer.default\">\n\t\t\t\t<div class=\"elementor-widget-container\">\n\t\t\t\t\t\t\t<div class=\"elementor-spacer\">\n\t\t\t<div class=\"elementor-spacer-inner\"><\/div>\n\t\t<\/div>\n\t\t\t\t\t\t<\/div>\n\t\t\t\t<\/div>\n\t\t\t\t\t<\/div>\n\t\t\t\t<\/div>\n\t\t<div class=\"elementor-element elementor-element-2b7638e e-flex e-con-boxed magic-button-disabled-no wpr-particle-no wpr-jarallax-no wpr-parallax-no wpr-sticky-section-no wpr-equal-height-no e-con e-parent\" data-id=\"2b7638e\" data-element_type=\"container\" data-e-type=\"container\">\n\t\t\t\t\t<div class=\"e-con-inner\">\n\t\t\t\t\t<\/div>\n\t\t\t\t<\/div>\n\t\t\t\t<\/div>","protected":false},"excerpt":{"rendered":"<p>\u00c0 propos Bienvenue ! Faites confiance \u00e0 une professionnelle dipl\u00f4m\u00e9e de la traduction pour traduire et relire vos documents de l&rsquo;anglais et l&rsquo;italien vers le fran\u00e7ais. \u00a0 Pourquoi travailler avec moi ? Plus de 1000 projets traduits Master de l&rsquo;\u00c9cole sup\u00e9rieure d&rsquo;interpr\u00e8tes et de traducteurs Processus d&rsquo;assurance qualit\u00e9 personnalis\u00e9 Veritas verbi Rencontre gratuite de 15 minutes Mes engagements Service cl\u00e9s en main : \u2022 R\u00e9union de cadrage offerte \u2022 Traduction \u2022 Auto-r\u00e9vision \u2022 V\u00e9rification finale \u2022 Disponibilit\u00e9 tout au long du projet \u2022 \u00c9change d&rsquo;e-mails en continu pendant tout le projet Inclusivit\u00e9\u200b : \u2022 R\u00e9daction \u00e9pic\u00e8ne \u2022 Proposition de strat\u00e9gie inclusive aux clients \u2022 Formation permanente \u00e0 l&rsquo;inclusivit\u00e9 \u00c9co-traduction\u200b : \u2022 Mat\u00e9riel de seconde main et durable \u2022 Fournisseur d&rsquo;\u00e9nergie verte \u2022 Z\u00e9ro impression papier et z\u00e9ro d\u00e9chet Am\u00e9lioration permanente : \u2022 Formation en continu \u2022 Suivi de la satisfaction des clients Mon parcours Licence en Langues \u00c9trang\u00e8res Appliqu\u00e9es Anglais\/italien\/fran\u00e7ais 2017 Master en Traduction \u00e9ditoriale, \u00e9conomique et technique Anglais\/italien\/fran\u00e7ais 2020 D\u00e9but de l&#039;aventure freelance 2020<\/p>","protected":false},"author":1,"featured_media":0,"parent":0,"menu_order":0,"comment_status":"closed","ping_status":"closed","template":"elementor_theme","meta":{"inline_featured_image":false,"footnotes":""},"class_list":["post-65","page","type-page","status-publish","hentry"],"_links":{"self":[{"href":"https:\/\/mathilde-pace-traduction.com\/en\/wp-json\/wp\/v2\/pages\/65","targetHints":{"allow":["GET"]}}],"collection":[{"href":"https:\/\/mathilde-pace-traduction.com\/en\/wp-json\/wp\/v2\/pages"}],"about":[{"href":"https:\/\/mathilde-pace-traduction.com\/en\/wp-json\/wp\/v2\/types\/page"}],"author":[{"embeddable":true,"href":"https:\/\/mathilde-pace-traduction.com\/en\/wp-json\/wp\/v2\/users\/1"}],"replies":[{"embeddable":true,"href":"https:\/\/mathilde-pace-traduction.com\/en\/wp-json\/wp\/v2\/comments?post=65"}],"version-history":[{"count":311,"href":"https:\/\/mathilde-pace-traduction.com\/en\/wp-json\/wp\/v2\/pages\/65\/revisions"}],"predecessor-version":[{"id":2034,"href":"https:\/\/mathilde-pace-traduction.com\/en\/wp-json\/wp\/v2\/pages\/65\/revisions\/2034"}],"wp:attachment":[{"href":"https:\/\/mathilde-pace-traduction.com\/en\/wp-json\/wp\/v2\/media?parent=65"}],"curies":[{"name":"wp","href":"https:\/\/api.w.org\/{rel}","templated":true}]}}