{"id":10,"date":"2024-04-25T13:46:57","date_gmt":"2024-04-25T11:46:57","guid":{"rendered":"https:\/\/mathilde-pace-traduction.com\/?page_id=10"},"modified":"2024-12-29T19:30:21","modified_gmt":"2024-12-29T18:30:21","slug":"home-page","status":"publish","type":"page","link":"https:\/\/mathilde-pace-traduction.com\/en\/","title":{"rendered":"Accueil"},"content":{"rendered":"\t\t<div data-elementor-type=\"wp-page\" data-elementor-id=\"10\" class=\"elementor elementor-10\">\n\t\t\t\t<div class=\"elementor-element elementor-element-ba7519a e-flex e-con-boxed magic-button-disabled-no wpr-particle-no wpr-jarallax-no wpr-parallax-no wpr-sticky-section-no wpr-equal-height-no e-con e-parent\" data-id=\"ba7519a\" data-element_type=\"container\" data-e-type=\"container\">\n\t\t\t\t\t<div class=\"e-con-inner\">\n\t\t\t\t<div class=\"elementor-element elementor-element-17f8586 elementor-widget elementor-widget-spacer\" data-id=\"17f8586\" data-element_type=\"widget\" data-e-type=\"widget\" data-widget_type=\"spacer.default\">\n\t\t\t\t<div class=\"elementor-widget-container\">\n\t\t\t\t\t\t\t<div class=\"elementor-spacer\">\n\t\t\t<div class=\"elementor-spacer-inner\"><\/div>\n\t\t<\/div>\n\t\t\t\t\t\t<\/div>\n\t\t\t\t<\/div>\n\t\t\t\t\t<\/div>\n\t\t\t\t<\/div>\n\t\t<div class=\"elementor-element elementor-element-eec5508 e-flex e-con-boxed magic-button-disabled-no wpr-particle-no wpr-jarallax-no wpr-parallax-no wpr-sticky-section-no wpr-equal-height-no e-con e-parent\" data-id=\"eec5508\" data-element_type=\"container\" data-e-type=\"container\">\n\t\t\t\t\t<div class=\"e-con-inner\">\n\t\t\t\t<div class=\"elementor-element elementor-element-10dd4f8 elementor-widget elementor-widget-qi_addons_for_elementor_typeout_text\" data-id=\"10dd4f8\" data-element_type=\"widget\" data-e-type=\"widget\" data-widget_type=\"qi_addons_for_elementor_typeout_text.default\">\n\t\t\t\t<div class=\"elementor-widget-container\">\n\t\t\t\t\t<div class=\"qodef-shortcode qodef-m qodef-qi-typeout-text\" data-strings=\"[&quot;Bienvenue sur mon site !&quot;,&quot;Benvenuti nel mio sito web&quot;,&quot;Welcome to my website&quot;]\" data-cursor=\"|\">\n\t<h2 class=\"qodef-m-text\">\n\t\t\t\t<span class=\"qodef-typeout-holder\">\n\t\t\t<span class=\"qodef-typeout\"><\/span>\n\t\t<\/span>\n\t<\/h2>\n<\/div>\n\t\t\t\t<\/div>\n\t\t\t\t<\/div>\n\t\t\t\t\t<\/div>\n\t\t\t\t<\/div>\n\t\t\t\t<section class=\"elementor-section elementor-top-section elementor-element elementor-element-60e10458 elementor-section-content-bottom elementor-section-boxed elementor-section-height-default elementor-section-height-default wpr-particle-no wpr-jarallax-no wpr-parallax-no wpr-sticky-section-no magic-button-disabled-no wpr-equal-height-no\" data-id=\"60e10458\" data-element_type=\"section\" data-e-type=\"section\" data-settings=\"{&quot;background_background&quot;:&quot;classic&quot;}\">\n\t\t\t\t\t\t\t<div class=\"elementor-background-overlay\"><\/div>\n\t\t\t\t\t\t\t<div class=\"elementor-container elementor-column-gap-default\">\n\t\t\t\t\t<div class=\"elementor-column elementor-col-100 elementor-top-column elementor-element elementor-element-1e2b293d\" data-id=\"1e2b293d\" data-element_type=\"column\" data-e-type=\"column\">\n\t\t\t<div class=\"elementor-widget-wrap elementor-element-populated\">\n\t\t\t\t\t\t<div class=\"elementor-element elementor-element-18856bf0 animated-slow elementor-invisible elementor-widget elementor-widget-heading\" data-id=\"18856bf0\" data-element_type=\"widget\" data-e-type=\"widget\" data-settings=\"{&quot;_animation&quot;:&quot;fadeIn&quot;,&quot;_animation_delay&quot;:600}\" data-widget_type=\"heading.default\">\n\t\t\t\t<div class=\"elementor-widget-container\">\n\t\t\t\t\t<h2 class=\"elementor-heading-title elementor-size-default\">MATHILDE PACE<\/h2>\t\t\t\t<\/div>\n\t\t\t\t<\/div>\n\t\t\t\t<div class=\"elementor-element elementor-element-d73a494 elementor-widget elementor-widget-text-editor\" data-id=\"d73a494\" data-element_type=\"widget\" data-e-type=\"widget\" data-widget_type=\"text-editor.default\">\n\t\t\t\t<div class=\"elementor-widget-container\">\n\t\t\t\t\t\t\t\t\t<p><span style=\"color: #46727a; font-family: Poppins, sans-serif; font-size: 22px; font-weight: bold; letter-spacing: 3px; text-transform: uppercase;\">Traductrice anglais\/italien &gt; fran\u00e7ais<\/span><\/p>\t\t\t\t\t\t\t\t<\/div>\n\t\t\t\t<\/div>\n\t\t\t\t<div class=\"elementor-element elementor-element-4d8b3ba0 elementor-invisible elementor-widget elementor-widget-text-editor\" data-id=\"4d8b3ba0\" data-element_type=\"widget\" data-e-type=\"widget\" data-settings=\"{&quot;_animation&quot;:&quot;fadeInDown&quot;}\" data-widget_type=\"text-editor.default\">\n\t\t\t\t<div class=\"elementor-widget-container\">\n\t\t\t\t\t\t\t\t\t<p style=\"font-size: 15px; font-weight: 300; letter-spacing: normal; text-transform: none; text-align: center;\"><span style=\"font-weight: bolder; font-size: 22px;\">\u2022 Dipl\u00f4m\u00e9e de l&rsquo;ESIT en Traduction \u00e9ditoriale, \u00e9conomique et technique<\/span><\/p><p style=\"font-size: 15px; font-weight: 300; letter-spacing: normal; text-transform: none; text-align: center;\"><span style=\"font-weight: bolder; font-size: 22px;\">\u2022 + de 1 000 projets traduits pour des clients vari\u00e9s<\/span><\/p><p style=\"font-size: 15px; font-weight: 300; letter-spacing: normal; text-transform: none; text-align: center;\"><span style=\"font-weight: bolder; font-size: 22px;\">\u2022 Expertise professionnelle en traduction, r\u00e9vision et relecture<\/span><\/p><p><img fetchpriority=\"high\" decoding=\"async\" class=\"aligncenter wp-image-2031\" src=\"https:\/\/mathilde-pace-traduction.com\/wp-content\/uploads\/2024\/09\/Photo-site-web.png\" alt=\"\" width=\"300\" height=\"375\" srcset=\"https:\/\/mathilde-pace-traduction.com\/wp-content\/uploads\/2024\/09\/Photo-site-web.png 775w, https:\/\/mathilde-pace-traduction.com\/wp-content\/uploads\/2024\/09\/Photo-site-web-240x300.png 240w, https:\/\/mathilde-pace-traduction.com\/wp-content\/uploads\/2024\/09\/Photo-site-web-768x960.png 768w, https:\/\/mathilde-pace-traduction.com\/wp-content\/uploads\/2024\/09\/Photo-site-web-10x12.png 10w\" sizes=\"(max-width: 300px) 100vw, 300px\" \/><\/p>\t\t\t\t\t\t\t\t<\/div>\n\t\t\t\t<\/div>\n\t\t\t\t\t<\/div>\n\t\t<\/div>\n\t\t\t\t\t<\/div>\n\t\t<\/section>\n\t\t\t\t<section class=\"elementor-section elementor-top-section elementor-element elementor-element-56897212 elementor-section-content-middle elementor-section-boxed elementor-section-height-default elementor-section-height-default wpr-particle-no wpr-jarallax-no wpr-parallax-no wpr-sticky-section-no magic-button-disabled-no wpr-equal-height-no\" data-id=\"56897212\" data-element_type=\"section\" data-e-type=\"section\" data-settings=\"{&quot;background_background&quot;:&quot;classic&quot;}\">\n\t\t\t\t\t\t<div class=\"elementor-container elementor-column-gap-no\">\n\t\t\t\t\t<div class=\"elementor-column elementor-col-100 elementor-top-column elementor-element elementor-element-2d8d146\" data-id=\"2d8d146\" data-element_type=\"column\" data-e-type=\"column\">\n\t\t\t<div class=\"elementor-widget-wrap elementor-element-populated\">\n\t\t\t\t\t\t<div class=\"elementor-element elementor-element-79434b24 animated-slow elementor-invisible elementor-widget elementor-widget-heading\" data-id=\"79434b24\" data-element_type=\"widget\" data-e-type=\"widget\" data-settings=\"{&quot;_animation&quot;:&quot;fadeInUp&quot;,&quot;_animation_delay&quot;:100}\" data-widget_type=\"heading.default\">\n\t\t\t\t<div class=\"elementor-widget-container\">\n\t\t\t\t\t<h4 class=\"elementor-heading-title elementor-size-default\">Ils m'ont fait confiance<\/h4>\t\t\t\t<\/div>\n\t\t\t\t<\/div>\n\t\t<div class=\"elementor-element elementor-element-d9251d9 e-grid e-con-boxed magic-button-disabled-no wpr-particle-no wpr-jarallax-no wpr-parallax-no wpr-sticky-section-no wpr-equal-height-no e-con e-parent\" data-id=\"d9251d9\" data-element_type=\"container\" data-e-type=\"container\">\n\t\t\t\t\t<div class=\"e-con-inner\">\n\t\t<div class=\"elementor-element elementor-element-7f12f58 e-con-full e-flex magic-button-disabled-no wpr-particle-no wpr-jarallax-no wpr-parallax-no wpr-sticky-section-no wpr-equal-height-no e-con e-child\" data-id=\"7f12f58\" data-element_type=\"container\" data-e-type=\"container\" data-settings=\"{&quot;background_background&quot;:&quot;classic&quot;}\">\n\t\t\t\t<div class=\"elementor-element elementor-element-b175df3 elementor-widget elementor-widget-image\" data-id=\"b175df3\" data-element_type=\"widget\" data-e-type=\"widget\" data-widget_type=\"image.default\">\n\t\t\t\t<div class=\"elementor-widget-container\">\n\t\t\t\t\t\t\t\t\t\t\t\t\t\t\t\t<a href=\"https:\/\/mathilde-pace-traduction.com\/portfolio\/forbes\/\">\n\t\t\t\t\t\t\t<img decoding=\"async\" width=\"800\" height=\"571\" src=\"https:\/\/mathilde-pace-traduction.com\/wp-content\/uploads\/2024\/05\/Logo-site-mathilfe-vecto-1024x731.png\" class=\"attachment-large size-large wp-image-952\" alt=\"\" srcset=\"https:\/\/mathilde-pace-traduction.com\/wp-content\/uploads\/2024\/05\/Logo-site-mathilfe-vecto-1024x731.png 1024w, https:\/\/mathilde-pace-traduction.com\/wp-content\/uploads\/2024\/05\/Logo-site-mathilfe-vecto-300x214.png 300w, https:\/\/mathilde-pace-traduction.com\/wp-content\/uploads\/2024\/05\/Logo-site-mathilfe-vecto-768x548.png 768w, https:\/\/mathilde-pace-traduction.com\/wp-content\/uploads\/2024\/05\/Logo-site-mathilfe-vecto-18x12.png 18w, https:\/\/mathilde-pace-traduction.com\/wp-content\/uploads\/2024\/05\/Logo-site-mathilfe-vecto.png 1459w\" sizes=\"(max-width: 800px) 100vw, 800px\" \/>\t\t\t\t\t\t\t\t<\/a>\n\t\t\t\t\t\t\t\t\t\t\t\t\t\t\t<\/div>\n\t\t\t\t<\/div>\n\t\t\t\t<\/div>\n\t\t<div class=\"elementor-element elementor-element-398c313 e-con-full e-flex magic-button-disabled-no wpr-particle-no wpr-jarallax-no wpr-parallax-no wpr-sticky-section-no wpr-equal-height-no e-con e-child\" data-id=\"398c313\" data-element_type=\"container\" data-e-type=\"container\" data-settings=\"{&quot;background_background&quot;:&quot;classic&quot;}\">\n\t\t\t\t<div class=\"elementor-element elementor-element-7f073cf elementor-widget elementor-widget-image\" data-id=\"7f073cf\" data-element_type=\"widget\" data-e-type=\"widget\" data-widget_type=\"image.default\">\n\t\t\t\t<div class=\"elementor-widget-container\">\n\t\t\t\t\t\t\t\t\t\t\t\t\t\t\t\t<a href=\"https:\/\/mathilde-pace-traduction.com\/portfolio\/global-citizen\/\">\n\t\t\t\t\t\t\t<img decoding=\"async\" width=\"800\" height=\"571\" src=\"https:\/\/mathilde-pace-traduction.com\/wp-content\/uploads\/2024\/05\/Logo-site-mathilfe-vecto-3-1024x731.png\" class=\"attachment-large size-large wp-image-972\" alt=\"\" srcset=\"https:\/\/mathilde-pace-traduction.com\/wp-content\/uploads\/2024\/05\/Logo-site-mathilfe-vecto-3-1024x731.png 1024w, https:\/\/mathilde-pace-traduction.com\/wp-content\/uploads\/2024\/05\/Logo-site-mathilfe-vecto-3-300x214.png 300w, https:\/\/mathilde-pace-traduction.com\/wp-content\/uploads\/2024\/05\/Logo-site-mathilfe-vecto-3-768x548.png 768w, https:\/\/mathilde-pace-traduction.com\/wp-content\/uploads\/2024\/05\/Logo-site-mathilfe-vecto-3-18x12.png 18w, https:\/\/mathilde-pace-traduction.com\/wp-content\/uploads\/2024\/05\/Logo-site-mathilfe-vecto-3.png 1459w\" sizes=\"(max-width: 800px) 100vw, 800px\" \/>\t\t\t\t\t\t\t\t<\/a>\n\t\t\t\t\t\t\t\t\t\t\t\t\t\t\t<\/div>\n\t\t\t\t<\/div>\n\t\t\t\t<\/div>\n\t\t<div class=\"elementor-element elementor-element-849f51f e-con-full e-flex magic-button-disabled-no wpr-particle-no wpr-jarallax-no wpr-parallax-no wpr-sticky-section-no wpr-equal-height-no e-con e-child\" data-id=\"849f51f\" data-element_type=\"container\" data-e-type=\"container\" data-settings=\"{&quot;background_background&quot;:&quot;classic&quot;}\">\n\t\t\t\t<div class=\"elementor-element elementor-element-964a79a elementor-widget elementor-widget-image\" data-id=\"964a79a\" data-element_type=\"widget\" data-e-type=\"widget\" data-widget_type=\"image.default\">\n\t\t\t\t<div class=\"elementor-widget-container\">\n\t\t\t\t\t\t\t\t\t\t\t\t\t\t\t\t<a href=\"https:\/\/mathilde-pace-traduction.com\/portfolio\/mcdonalds\/\">\n\t\t\t\t\t\t\t<img loading=\"lazy\" decoding=\"async\" width=\"800\" height=\"571\" src=\"https:\/\/mathilde-pace-traduction.com\/wp-content\/uploads\/2024\/05\/gc-logo-no-space_Plan-de-travail-1-copie-2-06-1024x731.png\" class=\"attachment-large size-large wp-image-903\" alt=\"\" srcset=\"https:\/\/mathilde-pace-traduction.com\/wp-content\/uploads\/2024\/05\/gc-logo-no-space_Plan-de-travail-1-copie-2-06-1024x731.png 1024w, https:\/\/mathilde-pace-traduction.com\/wp-content\/uploads\/2024\/05\/gc-logo-no-space_Plan-de-travail-1-copie-2-06-300x214.png 300w, https:\/\/mathilde-pace-traduction.com\/wp-content\/uploads\/2024\/05\/gc-logo-no-space_Plan-de-travail-1-copie-2-06-768x548.png 768w, https:\/\/mathilde-pace-traduction.com\/wp-content\/uploads\/2024\/05\/gc-logo-no-space_Plan-de-travail-1-copie-2-06-18x12.png 18w, https:\/\/mathilde-pace-traduction.com\/wp-content\/uploads\/2024\/05\/gc-logo-no-space_Plan-de-travail-1-copie-2-06.png 1459w\" sizes=\"(max-width: 800px) 100vw, 800px\" \/>\t\t\t\t\t\t\t\t<\/a>\n\t\t\t\t\t\t\t\t\t\t\t\t\t\t\t<\/div>\n\t\t\t\t<\/div>\n\t\t\t\t<\/div>\n\t\t<div class=\"elementor-element elementor-element-04491f6 e-con-full e-flex magic-button-disabled-no wpr-particle-no wpr-jarallax-no wpr-parallax-no wpr-sticky-section-no wpr-equal-height-no e-con e-child\" data-id=\"04491f6\" data-element_type=\"container\" data-e-type=\"container\" data-settings=\"{&quot;background_background&quot;:&quot;classic&quot;}\">\n\t\t\t\t<div class=\"elementor-element elementor-element-efae759 elementor-widget elementor-widget-image\" data-id=\"efae759\" data-element_type=\"widget\" data-e-type=\"widget\" data-widget_type=\"image.default\">\n\t\t\t\t<div class=\"elementor-widget-container\">\n\t\t\t\t\t\t\t\t\t\t\t\t\t\t\t\t<a href=\"https:\/\/mathilde-pace-traduction.com\/portfolio\/memoire-de-fin-detudes\/\">\n\t\t\t\t\t\t\t<img loading=\"lazy\" decoding=\"async\" width=\"800\" height=\"571\" src=\"https:\/\/mathilde-pace-traduction.com\/wp-content\/uploads\/2024\/05\/Logo-site-mathilfe-vecto-4-1024x731.png\" class=\"attachment-large size-large wp-image-1006\" alt=\"\" srcset=\"https:\/\/mathilde-pace-traduction.com\/wp-content\/uploads\/2024\/05\/Logo-site-mathilfe-vecto-4-1024x731.png 1024w, https:\/\/mathilde-pace-traduction.com\/wp-content\/uploads\/2024\/05\/Logo-site-mathilfe-vecto-4-300x214.png 300w, https:\/\/mathilde-pace-traduction.com\/wp-content\/uploads\/2024\/05\/Logo-site-mathilfe-vecto-4-768x548.png 768w, https:\/\/mathilde-pace-traduction.com\/wp-content\/uploads\/2024\/05\/Logo-site-mathilfe-vecto-4-18x12.png 18w, https:\/\/mathilde-pace-traduction.com\/wp-content\/uploads\/2024\/05\/Logo-site-mathilfe-vecto-4.png 1459w\" sizes=\"(max-width: 800px) 100vw, 800px\" \/>\t\t\t\t\t\t\t\t<\/a>\n\t\t\t\t\t\t\t\t\t\t\t\t\t\t\t<\/div>\n\t\t\t\t<\/div>\n\t\t\t\t<\/div>\n\t\t<div class=\"elementor-element elementor-element-4223999 e-con-full e-flex magic-button-disabled-no wpr-particle-no wpr-jarallax-no wpr-parallax-no wpr-sticky-section-no wpr-equal-height-no e-con e-child\" data-id=\"4223999\" data-element_type=\"container\" data-e-type=\"container\" data-settings=\"{&quot;background_background&quot;:&quot;classic&quot;}\">\n\t\t\t\t<div class=\"elementor-element elementor-element-1b22635 elementor-widget elementor-widget-image\" data-id=\"1b22635\" data-element_type=\"widget\" data-e-type=\"widget\" data-widget_type=\"image.default\">\n\t\t\t\t<div class=\"elementor-widget-container\">\n\t\t\t\t\t\t\t\t\t\t\t\t\t\t\t\t<a href=\"https:\/\/mathilde-pace-traduction.com\/portfolio\/la-via-del-te\/\">\n\t\t\t\t\t\t\t<img loading=\"lazy\" decoding=\"async\" width=\"800\" height=\"571\" src=\"https:\/\/mathilde-pace-traduction.com\/wp-content\/uploads\/2024\/05\/Logo-site-mathilfe-vecto-13-1024x731.png\" class=\"attachment-large size-large wp-image-1017\" alt=\"\" srcset=\"https:\/\/mathilde-pace-traduction.com\/wp-content\/uploads\/2024\/05\/Logo-site-mathilfe-vecto-13-1024x731.png 1024w, https:\/\/mathilde-pace-traduction.com\/wp-content\/uploads\/2024\/05\/Logo-site-mathilfe-vecto-13-300x214.png 300w, https:\/\/mathilde-pace-traduction.com\/wp-content\/uploads\/2024\/05\/Logo-site-mathilfe-vecto-13-768x548.png 768w, https:\/\/mathilde-pace-traduction.com\/wp-content\/uploads\/2024\/05\/Logo-site-mathilfe-vecto-13-18x12.png 18w, https:\/\/mathilde-pace-traduction.com\/wp-content\/uploads\/2024\/05\/Logo-site-mathilfe-vecto-13.png 1459w\" sizes=\"(max-width: 800px) 100vw, 800px\" \/>\t\t\t\t\t\t\t\t<\/a>\n\t\t\t\t\t\t\t\t\t\t\t\t\t\t\t<\/div>\n\t\t\t\t<\/div>\n\t\t\t\t<\/div>\n\t\t<div class=\"elementor-element elementor-element-644b7ce e-con-full e-flex magic-button-disabled-no wpr-particle-no wpr-jarallax-no wpr-parallax-no wpr-sticky-section-no wpr-equal-height-no e-con e-child\" data-id=\"644b7ce\" data-element_type=\"container\" data-e-type=\"container\" data-settings=\"{&quot;background_background&quot;:&quot;classic&quot;}\">\n\t\t\t\t<div class=\"elementor-element elementor-element-2ffcb37 elementor-widget elementor-widget-image\" data-id=\"2ffcb37\" data-element_type=\"widget\" data-e-type=\"widget\" data-widget_type=\"image.default\">\n\t\t\t\t<div class=\"elementor-widget-container\">\n\t\t\t\t\t\t\t\t\t\t\t\t\t\t\t\t<a href=\"https:\/\/mathilde-pace-traduction.com\/portfolio\/ocde\/\">\n\t\t\t\t\t\t\t<img loading=\"lazy\" decoding=\"async\" width=\"800\" height=\"571\" src=\"https:\/\/mathilde-pace-traduction.com\/wp-content\/uploads\/2024\/05\/Logo-site-mathilfe-vecto-12-1024x731.png\" class=\"attachment-large size-large wp-image-1013\" alt=\"\" srcset=\"https:\/\/mathilde-pace-traduction.com\/wp-content\/uploads\/2024\/05\/Logo-site-mathilfe-vecto-12-1024x731.png 1024w, https:\/\/mathilde-pace-traduction.com\/wp-content\/uploads\/2024\/05\/Logo-site-mathilfe-vecto-12-300x214.png 300w, https:\/\/mathilde-pace-traduction.com\/wp-content\/uploads\/2024\/05\/Logo-site-mathilfe-vecto-12-768x548.png 768w, https:\/\/mathilde-pace-traduction.com\/wp-content\/uploads\/2024\/05\/Logo-site-mathilfe-vecto-12-18x12.png 18w, https:\/\/mathilde-pace-traduction.com\/wp-content\/uploads\/2024\/05\/Logo-site-mathilfe-vecto-12.png 1459w\" sizes=\"(max-width: 800px) 100vw, 800px\" \/>\t\t\t\t\t\t\t\t<\/a>\n\t\t\t\t\t\t\t\t\t\t\t\t\t\t\t<\/div>\n\t\t\t\t<\/div>\n\t\t\t\t<\/div>\n\t\t\t\t\t<\/div>\n\t\t\t\t<\/div>\n\t\t\t\t\t<\/div>\n\t\t<\/div>\n\t\t\t\t\t<\/div>\n\t\t<\/section>\n\t\t\t\t<\/div>\n\t\t","protected":false},"excerpt":{"rendered":"<p>MATHILDE PACE Traductrice anglais\/italien &gt; fran\u00e7ais \u2022 Dipl\u00f4m\u00e9e de l&rsquo;ESIT en Traduction \u00e9ditoriale, \u00e9conomique et technique \u2022 + de 1 000 projets traduits pour des clients vari\u00e9s \u2022 Expertise professionnelle en traduction, r\u00e9vision et relecture Ils m&rsquo;ont fait confiance<\/p>","protected":false},"author":1,"featured_media":0,"parent":0,"menu_order":0,"comment_status":"closed","ping_status":"closed","template":"elementor_theme","meta":{"inline_featured_image":false,"footnotes":""},"class_list":["post-10","page","type-page","status-publish","hentry"],"_links":{"self":[{"href":"https:\/\/mathilde-pace-traduction.com\/en\/wp-json\/wp\/v2\/pages\/10","targetHints":{"allow":["GET"]}}],"collection":[{"href":"https:\/\/mathilde-pace-traduction.com\/en\/wp-json\/wp\/v2\/pages"}],"about":[{"href":"https:\/\/mathilde-pace-traduction.com\/en\/wp-json\/wp\/v2\/types\/page"}],"author":[{"embeddable":true,"href":"https:\/\/mathilde-pace-traduction.com\/en\/wp-json\/wp\/v2\/users\/1"}],"replies":[{"embeddable":true,"href":"https:\/\/mathilde-pace-traduction.com\/en\/wp-json\/wp\/v2\/comments?post=10"}],"version-history":[{"count":208,"href":"https:\/\/mathilde-pace-traduction.com\/en\/wp-json\/wp\/v2\/pages\/10\/revisions"}],"predecessor-version":[{"id":2071,"href":"https:\/\/mathilde-pace-traduction.com\/en\/wp-json\/wp\/v2\/pages\/10\/revisions\/2071"}],"wp:attachment":[{"href":"https:\/\/mathilde-pace-traduction.com\/en\/wp-json\/wp\/v2\/media?parent=10"}],"curies":[{"name":"wp","href":"https:\/\/api.w.org\/{rel}","templated":true}]}}